{"id":619,"date":"2025-07-26T12:32:35","date_gmt":"2025-07-26T10:32:35","guid":{"rendered":"https:\/\/www.marionmannevy.com\/?page_id=619"},"modified":"2025-10-07T15:43:31","modified_gmt":"2025-10-07T13:43:31","slug":"a-propos","status":"publish","type":"page","link":"https:\/\/www.marionmannevy.com\/?page_id=619","title":{"rendered":"A propos"},"content":{"rendered":"[vc_row type=\u00a0\u00bbin_container\u00a0\u00bb full_screen_row_position=\u00a0\u00bbmiddle\u00a0\u00bb column_margin=\u00a0\u00bbdefault\u00a0\u00bb column_direction=\u00a0\u00bbdefault\u00a0\u00bb column_direction_tablet=\u00a0\u00bbdefault\u00a0\u00bb column_direction_phone=\u00a0\u00bbdefault\u00a0\u00bb bg_color=\u00a0\u00bb#ffffff\u00a0\u00bb scene_position=\u00a0\u00bbcenter\u00a0\u00bb top_margin=\u00a0\u00bb100&Prime; left_margin=\u00a0\u00bb25%\u00a0\u00bb constrain_group_8=\u00a0\u00bbyes\u00a0\u00bb right_margin=\u00a0\u00bb25%\u00a0\u00bb text_color=\u00a0\u00bbdark\u00a0\u00bb text_align=\u00a0\u00bbleft\u00a0\u00bb row_border_radius=\u00a0\u00bbnone\u00a0\u00bb row_border_radius_applies=\u00a0\u00bbbg\u00a0\u00bb overflow=\u00a0\u00bbvisible\u00a0\u00bb id=\u00a0\u00bbteam\u00a0\u00bb overlay_strength=\u00a0\u00bb0.3&Prime; gradient_direction=\u00a0\u00bbleft_to_right\u00a0\u00bb shape_divider_position=\u00a0\u00bbbottom\u00a0\u00bb bg_image_animation=\u00a0\u00bbnone\u00a0\u00bb gradient_type=\u00a0\u00bbdefault\u00a0\u00bb shape_type=\u00a0\u00bb\u00a0\u00bb][vc_column column_padding=\u00a0\u00bbno-extra-padding\u00a0\u00bb column_padding_tablet=\u00a0\u00bbinherit\u00a0\u00bb column_padding_phone=\u00a0\u00bbinherit\u00a0\u00bb column_padding_position=\u00a0\u00bball\u00a0\u00bb column_element_direction_desktop=\u00a0\u00bbdefault\u00a0\u00bb column_element_spacing=\u00a0\u00bbdefault\u00a0\u00bb desktop_text_alignment=\u00a0\u00bbdefault\u00a0\u00bb tablet_text_alignment=\u00a0\u00bbdefault\u00a0\u00bb phone_text_alignment=\u00a0\u00bbdefault\u00a0\u00bb background_color_opacity=\u00a0\u00bb1&Prime; background_hover_color_opacity=\u00a0\u00bb1&Prime; column_backdrop_filter=\u00a0\u00bbnone\u00a0\u00bb column_shadow=\u00a0\u00bbnone\u00a0\u00bb column_border_radius=\u00a0\u00bbnone\u00a0\u00bb column_link_target=\u00a0\u00bb_self\u00a0\u00bb column_position=\u00a0\u00bbdefault\u00a0\u00bb gradient_direction=\u00a0\u00bbleft_to_right\u00a0\u00bb overlay_strength=\u00a0\u00bb0.3&Prime; width=\u00a0\u00bb1\/1&Prime; tablet_width_inherit=\u00a0\u00bbdefault\u00a0\u00bb animation_type=\u00a0\u00bbdefault\u00a0\u00bb bg_image_animation=\u00a0\u00bbnone\u00a0\u00bb border_type=\u00a0\u00bbsimple\u00a0\u00bb column_border_width=\u00a0\u00bbnone\u00a0\u00bb column_border_style=\u00a0\u00bbsolid\u00a0\u00bb][nectar_circle_images images=\u00a0\u00bb830&Prime; sizing=\u00a0\u00bb200&Prime; positioning=\u00a0\u00bboverlapping\u00a0\u00bb stacking_order=\u00a0\u00bbltr\u00a0\u00bb alignment_desktop=\u00a0\u00bbleft\u00a0\u00bb alignment_tablet=\u00a0\u00bbinherit\u00a0\u00bb alignment_phone=\u00a0\u00bbinherit\u00a0\u00bb animation=\u00a0\u00bbnone\u00a0\u00bb image_size=\u00a0\u00bbnectar_small_square\u00a0\u00bb image_loading=\u00a0\u00bbdefault\u00a0\u00bb][divider line_type=\u00a0\u00bbNo Line\u00a0\u00bb][vc_column_text css=\u00a0\u00bb\u00a0\u00bb text_direction=\u00a0\u00bbdefault\u00a0\u00bb]\n<p data-start=\"229\" data-end=\"624\">Douze ann\u00e9es \u00e0 courir les capitales europ\u00e9ennes, d\u2019abord mannequin chez Ford Models &amp; Elite, puis ambassadrice du luxe pour des maisons aussi mythiques qu\u2019Yves Saint Laurent, Versace, Jean Paul Gaultier, Sonia Rykiel ou In\u00e8s de la Fressange \u2014 j\u2019ai appris \u00e0 reconna\u00eetre, au premier regard, ce qui est beau, juste.<\/p>\n<p data-start=\"626\" data-end=\"1045\">Puis un jour, j\u2019ai troqu\u00e9 une vie tr\u00e9pidante parisienne pour les oliviers, les n\u00e9ons pour la lumi\u00e8re du Sud. J\u2019ai pos\u00e9 mes valises et appareils photo en Provence, vingt ans plus tard, j&rsquo;y suis toujours\u2026 fermement. Ici, entre chant des cigales et ombres dor\u00e9es, j\u2019ai aff\u00fbt\u00e9 mon regard autrement, capter l\u2019authenticit\u00e9 d\u2019un instant, sublimer sans travestir, r\u00e9v\u00e9ler ce que souvent on ne voit pas.<\/p>\n<p data-start=\"1047\" data-end=\"1177\">Mon travail est guid\u00e9 par le go\u00fbt, l\u2019exigence, l\u2019\u00e9coute. Parce qu\u2019une belle image, c\u2019est d\u2019abord une belle rencontre.<\/p>\n<p data-start=\"1047\" data-end=\"1177\">Je me suis sp\u00e9cialis\u00e9e dans la photographie corporate, commerciale.<\/p>\n<p data-start=\"1047\" data-end=\"1177\">Pour plus d&rsquo;informations\u00a0 \u27a1\ufe0f mannevy@msn.com<\/p>\n[\/vc_column_text][\/vc_column][\/vc_row]\n","protected":false},"excerpt":{"rendered":"<p>[vc_row type=\u00a0\u00bbin_container\u00a0\u00bb full_screen_row_position=\u00a0\u00bbmiddle\u00a0\u00bb column_margin=\u00a0\u00bbdefault\u00a0\u00bb column_direction=\u00a0\u00bbdefault\u00a0\u00bb column_direction_tablet=\u00a0\u00bbdefault\u00a0\u00bb column_direction_phone=\u00a0\u00bbdefault\u00a0\u00bb bg_color=\u00a0\u00bb#ffffff\u00a0\u00bb scene_position=\u00a0\u00bbcenter\u00a0\u00bb top_margin=\u00a0\u00bb100&Prime; left_margin=\u00a0\u00bb25%\u00a0\u00bb constrain_group_8=\u00a0\u00bbyes\u00a0\u00bb right_margin=\u00a0\u00bb25%\u00a0\u00bb text_color=\u00a0\u00bbdark\u00a0\u00bb text_align=\u00a0\u00bbleft\u00a0\u00bb row_border_radius=\u00a0\u00bbnone\u00a0\u00bb row_border_radius_applies=\u00a0\u00bbbg\u00a0\u00bb overflow=\u00a0\u00bbvisible\u00a0\u00bb id=\u00a0\u00bbteam\u00a0\u00bb overlay_strength=\u00a0\u00bb0.3&Prime; gradient_direction=\u00a0\u00bbleft_to_right\u00a0\u00bb shape_divider_position=\u00a0\u00bbbottom\u00a0\u00bb bg_image_animation=\u00a0\u00bbnone\u00a0\u00bb gradient_type=\u00a0\u00bbdefault\u00a0\u00bb shape_type=\u00a0\u00bb\u00a0\u00bb][vc_column column_padding=\u00a0\u00bbno-extra-padding\u00a0\u00bb column_padding_tablet=\u00a0\u00bbinherit\u00a0\u00bb column_padding_phone=\u00a0\u00bbinherit\u00a0\u00bb column_padding_position=\u00a0\u00bball\u00a0\u00bb column_element_direction_desktop=\u00a0\u00bbdefault\u00a0\u00bb&#8230;<\/p>\n","protected":false},"author":1,"featured_media":0,"parent":0,"menu_order":0,"comment_status":"closed","ping_status":"closed","template":"","meta":{"footnotes":""},"class_list":["post-619","page","type-page","status-publish"],"_links":{"self":[{"href":"https:\/\/www.marionmannevy.com\/index.php?rest_route=\/wp\/v2\/pages\/619","targetHints":{"allow":["GET"]}}],"collection":[{"href":"https:\/\/www.marionmannevy.com\/index.php?rest_route=\/wp\/v2\/pages"}],"about":[{"href":"https:\/\/www.marionmannevy.com\/index.php?rest_route=\/wp\/v2\/types\/page"}],"author":[{"embeddable":true,"href":"https:\/\/www.marionmannevy.com\/index.php?rest_route=\/wp\/v2\/users\/1"}],"replies":[{"embeddable":true,"href":"https:\/\/www.marionmannevy.com\/index.php?rest_route=%2Fwp%2Fv2%2Fcomments&post=619"}],"version-history":[{"count":18,"href":"https:\/\/www.marionmannevy.com\/index.php?rest_route=\/wp\/v2\/pages\/619\/revisions"}],"predecessor-version":[{"id":832,"href":"https:\/\/www.marionmannevy.com\/index.php?rest_route=\/wp\/v2\/pages\/619\/revisions\/832"}],"wp:attachment":[{"href":"https:\/\/www.marionmannevy.com\/index.php?rest_route=%2Fwp%2Fv2%2Fmedia&parent=619"}],"curies":[{"name":"wp","href":"https:\/\/api.w.org\/{rel}","templated":true}]}}